{"id":11,"date":"2022-12-17T20:40:20","date_gmt":"2022-12-17T20:40:20","guid":{"rendered":"http:\/\/smartaviationgroup.eu\/de\/?page_id=11"},"modified":"2023-01-23T14:37:14","modified_gmt":"2023-01-23T14:37:14","slug":"wer-wir-sind","status":"publish","type":"page","link":"https:\/\/smartaviationgroup.eu\/de\/wer-wir-sind\/","title":{"rendered":"WER WIR SIND"},"content":{"rendered":"\n<p>Die Ideengeber f\u00fcr die Smart Aviation Group sind <a title=\"ir. Oscar Jansen\" rel=\"noopener\" href=\"http:\/\/www.osware.eu\/?page_id=308\" target=\"_blank\">Oscar Jansen<\/a>, CEO der Firma Osware Consulting und Goran Leutar, CEO von <a title=\"Niko Airport Information System: Gesamtl\u00f6sung f\u00fcr die integrierten Softwareanwendungen aller relevanten Flughafenprozesse\" rel=\"noopener\" href=\"https:\/\/www.nais.hr\/\" target=\"_blank\">NAIS<\/a>. Die beiden IT-Experten haben gemeinsam einen Ansatz entwickelt, Flughafenprozesse durch Softwarel\u00f6sungen zu verbessern. Das\u00a0<span style=\"color: rgb(227, 240, 248); text-decoration: underline;\"><a title=\"Institut f\u00fcr Europ\u00e4ische Wirtschaftsf\u00f6rderung\" rel=\"noopener\" href=\"https:\/\/institut-eu.com\/de\/\" target=\"_blank\">Institut f\u00fcr Europ\u00e4ische Wirtschaftsf\u00f6rderung<\/a><\/span>\u00a0(EWIV) steht als Partner und Moderator der Smart Aviation Group zur Seite.<\/p>\n","protected":false},"excerpt":{"rendered":"<p>Die Ideengeber f\u00fcr die Smart Aviation Group sind Oscar Jansen, CEO der Firma Osware Consulting und Goran Leutar, CEO von NAIS. Die beiden IT-Experten haben gemeinsam einen Ansatz entwickelt, Flughafenprozesse durch Softwarel\u00f6sungen zu verbessern. Das\u00a0Institut f\u00fcr Europ\u00e4ische Wirtschaftsf\u00f6rderung\u00a0(EWIV) steht als Partner und Moderator der Smart Aviation Group zur Seite.<\/p>\n","protected":false},"author":1,"featured_media":0,"parent":0,"menu_order":0,"comment_status":"closed","ping_status":"closed","template":"","meta":{"footnotes":""},"class_list":["post-11","page","type-page","status-publish","hentry"],"_links":{"self":[{"href":"https:\/\/smartaviationgroup.eu\/de\/wp-json\/wp\/v2\/pages\/11","targetHints":{"allow":["GET"]}}],"collection":[{"href":"https:\/\/smartaviationgroup.eu\/de\/wp-json\/wp\/v2\/pages"}],"about":[{"href":"https:\/\/smartaviationgroup.eu\/de\/wp-json\/wp\/v2\/types\/page"}],"author":[{"embeddable":true,"href":"https:\/\/smartaviationgroup.eu\/de\/wp-json\/wp\/v2\/users\/1"}],"replies":[{"embeddable":true,"href":"https:\/\/smartaviationgroup.eu\/de\/wp-json\/wp\/v2\/comments?post=11"}],"version-history":[{"count":4,"href":"https:\/\/smartaviationgroup.eu\/de\/wp-json\/wp\/v2\/pages\/11\/revisions"}],"predecessor-version":[{"id":76,"href":"https:\/\/smartaviationgroup.eu\/de\/wp-json\/wp\/v2\/pages\/11\/revisions\/76"}],"wp:attachment":[{"href":"https:\/\/smartaviationgroup.eu\/de\/wp-json\/wp\/v2\/media?parent=11"}],"curies":[{"name":"wp","href":"https:\/\/api.w.org\/{rel}","templated":true}]}}