{"id":149,"date":"2025-12-16T10:45:09","date_gmt":"2025-12-16T10:45:09","guid":{"rendered":"https:\/\/smartaviationgroup.eu\/de\/?page_id=149"},"modified":"2026-01-22T11:32:35","modified_gmt":"2026-01-22T11:32:35","slug":"mitgliederliste","status":"publish","type":"page","link":"https:\/\/smartaviationgroup.eu\/de\/mitgliederliste\/","title":{"rendered":"Mitgliederliste"},"content":{"rendered":"\n<ul class=\"wp-block-list\">\n<li>Diese Kooperation wird vom <a href=\"https:\/\/www.institut-eu.com\/\" target=\"_blank\" rel=\"noreferrer noopener\">Institut f\u00fcr Europ\u00e4ische Wirtschaftsentwicklung<\/a> unterst\u00fctzt.<\/li>\n\n\n\n<li>Osware Consulting ist Initiator dieser Organisation und wird aktuell durch <a href=\"http:\/\/abpassit.com\/\" target=\"_blank\" rel=\"noreferrer noopener\">Abpass IT O\u00dc<\/a> vertreten.<\/li>\n\n\n\n<li><a href=\"https:\/\/www.brda.nl\/brda-consulting\" target=\"_blank\" rel=\"noreferrer noopener\">BrDA Consulting<\/a> unterst\u00fctzt die Gruppe im Bereich Business Development.<\/li>\n\n\n\n<li>Digital Sherlock unterst\u00fctzt bei der Datenkonsolidierung und -reduktion, unabh\u00e4ngig vom jeweiligen Speicherort.<\/li>\n\n\n\n<li><a href=\"https:\/\/www.nais.hr\/\" target=\"_blank\" rel=\"noreferrer noopener\">NAIS <\/a>ist ein f\u00fchrender Experte f\u00fcr Automatisierung von Gesch\u00e4ftsprozessen im Flughafenbetrieb.<\/li>\n\n\n\n<li>Die fachliche Verantwortung f\u00fcr Flughafenmanagement sowie operative Prozesse liegt bei <a href=\"https:\/\/smartaviationgroup.eu\/de\/tonci-peovic\/\" target=\"_blank\" rel=\"noreferrer noopener\">Ton\u010di Peovi\u0107.<\/a><\/li>\n\n\n\n<li>Die Analyse und Nachverfolgung des CO\u2082-Fu\u00dfabdrucks wird durch <a href=\"https:\/\/smartaviationgroup.eu\/de\/michael-pulley\/\" target=\"_blank\" rel=\"noreferrer noopener\">Michael Pulley<\/a> unterst\u00fctzt.<\/li>\n\n\n\n<li>Mark Mitchell ber\u00e4t im Bereich geothermische Stromerzeugung.<\/li>\n\n\n\n<li>Panagiotis (Peter) Koutros ist CTO der Forschungs- und Entwicklungsabteilung von <a href=\"http:\/\/www.terravoltage.eu\/\" target=\"_blank\" rel=\"noreferrer noopener\">TerraVoltage<\/a>.<\/li>\n\n\n\n<li><\/li>\n<\/ul>\n\n\n\n<p><\/p>\n","protected":false},"excerpt":{"rendered":"","protected":false},"author":1,"featured_media":0,"parent":0,"menu_order":0,"comment_status":"closed","ping_status":"closed","template":"","meta":{"footnotes":""},"class_list":["post-149","page","type-page","status-publish","hentry"],"_links":{"self":[{"href":"https:\/\/smartaviationgroup.eu\/de\/wp-json\/wp\/v2\/pages\/149","targetHints":{"allow":["GET"]}}],"collection":[{"href":"https:\/\/smartaviationgroup.eu\/de\/wp-json\/wp\/v2\/pages"}],"about":[{"href":"https:\/\/smartaviationgroup.eu\/de\/wp-json\/wp\/v2\/types\/page"}],"author":[{"embeddable":true,"href":"https:\/\/smartaviationgroup.eu\/de\/wp-json\/wp\/v2\/users\/1"}],"replies":[{"embeddable":true,"href":"https:\/\/smartaviationgroup.eu\/de\/wp-json\/wp\/v2\/comments?post=149"}],"version-history":[{"count":5,"href":"https:\/\/smartaviationgroup.eu\/de\/wp-json\/wp\/v2\/pages\/149\/revisions"}],"predecessor-version":[{"id":166,"href":"https:\/\/smartaviationgroup.eu\/de\/wp-json\/wp\/v2\/pages\/149\/revisions\/166"}],"wp:attachment":[{"href":"https:\/\/smartaviationgroup.eu\/de\/wp-json\/wp\/v2\/media?parent=149"}],"curies":[{"name":"wp","href":"https:\/\/api.w.org\/{rel}","templated":true}]}}