{"id":153,"date":"2025-12-16T10:55:09","date_gmt":"2025-12-16T10:55:09","guid":{"rendered":"https:\/\/smartaviationgroup.eu\/de\/?page_id=153"},"modified":"2025-12-16T10:55:10","modified_gmt":"2025-12-16T10:55:10","slug":"tonci-peovic","status":"publish","type":"page","link":"https:\/\/smartaviationgroup.eu\/de\/tonci-peovic\/","title":{"rendered":"Tonci Peovic"},"content":{"rendered":"\n<p>Unser Experte f\u00fcr Flughafenmanagement, Ton\u010di Peovi\u0107, verf\u00fcgt \u00fcber lebenslange Erfahrung in der Luftfahrtindustrie. Diese begann mit dem Erwerb seiner Pilotenlizenz (Commercial Pilot License mit IFR-Berechtigungen), und im weiteren Verlauf seiner Karriere entwickelte er sich zu einem Experten f\u00fcr flughafenbezogene Prozesse. Neben seiner T\u00e4tigkeit als Direktor der Flugh\u00e4fen Dubrovnik und Zagreb war er nicht nur ein \u201ezertifizierter Auditor der ICAO\u201c, sondern auch aktiv in den internationalen Beratungsorganisationen ACI und ACARE t\u00e4tig, wo er eine aktive Rolle bei der Entwicklung neuer Visionen f\u00fcr die Luftfahrtindustrie spielte. K\u00fcrzlich wurde er als \u201eGerichtsgutachter f\u00fcr Luftfahrt\u201c in die Liste der Gerichtsgutachter an kroatischen Gerichten aufgenommen.<\/p>\n\n\n\n<p>Ton\u010di Peovi\u0107 ist Teil eines gro\u00dfen Netzwerks von Fachleuten in der Welt der Luftfahrt. Seine mitrei\u00dfende Pers\u00f6nlichkeit in Kombination mit seinem umfangreichen Fachwissen macht ihn zu einem gesch\u00e4tzten Gespr\u00e4chspartner. Aus diesem Grund ist er ein willkommenes Mitglied in Aussch\u00fcssen und Beratungsgremien. Dies spiegelt sich auch in seiner Ernennung zum Honorarkonsul des K\u00f6nigreichs Norwegen in Dubrovnik wider.<\/p>\n\n\n\n<p>Die Smart Aviation Group f\u00fchlt sich sehr geehrt, dass Ton\u010di Peovi\u0107 bereit ist, die Gruppe in der Expertengruppe der Europ\u00e4ischen Kommission zur Ausarbeitung der Klimaschutzpolitik im Bereich \u201eLuftfahrt\u201c zu vertreten. Er wird auf die von der Europ\u00e4ischen Union gesetzten Ziele zur Dekarbonisierung der Luftfahrt hinarbeiten und unsere Mitglieder bei der Anwendung der besten L\u00f6sungen unterst\u00fctzen.<\/p>\n\n\n\n<p><\/p>\n","protected":false},"excerpt":{"rendered":"<p>Unser Experte f\u00fcr Flughafenmanagement, Ton\u010di Peovi\u0107, verf\u00fcgt \u00fcber lebenslange Erfahrung in der Luftfahrtindustrie. Diese begann mit dem Erwerb seiner Pilotenlizenz (Commercial Pilot License mit IFR-Berechtigungen), und im weiteren Verlauf seiner Karriere entwickelte er sich zu einem Experten f\u00fcr flughafenbezogene Prozesse. Neben seiner T\u00e4tigkeit als Direktor der Flugh\u00e4fen Dubrovnik und Zagreb war er nicht nur ein [&hellip;]<\/p>\n","protected":false},"author":1,"featured_media":0,"parent":0,"menu_order":0,"comment_status":"closed","ping_status":"closed","template":"","meta":{"footnotes":""},"class_list":["post-153","page","type-page","status-publish","hentry"],"_links":{"self":[{"href":"https:\/\/smartaviationgroup.eu\/de\/wp-json\/wp\/v2\/pages\/153","targetHints":{"allow":["GET"]}}],"collection":[{"href":"https:\/\/smartaviationgroup.eu\/de\/wp-json\/wp\/v2\/pages"}],"about":[{"href":"https:\/\/smartaviationgroup.eu\/de\/wp-json\/wp\/v2\/types\/page"}],"author":[{"embeddable":true,"href":"https:\/\/smartaviationgroup.eu\/de\/wp-json\/wp\/v2\/users\/1"}],"replies":[{"embeddable":true,"href":"https:\/\/smartaviationgroup.eu\/de\/wp-json\/wp\/v2\/comments?post=153"}],"version-history":[{"count":1,"href":"https:\/\/smartaviationgroup.eu\/de\/wp-json\/wp\/v2\/pages\/153\/revisions"}],"predecessor-version":[{"id":154,"href":"https:\/\/smartaviationgroup.eu\/de\/wp-json\/wp\/v2\/pages\/153\/revisions\/154"}],"wp:attachment":[{"href":"https:\/\/smartaviationgroup.eu\/de\/wp-json\/wp\/v2\/media?parent=153"}],"curies":[{"name":"wp","href":"https:\/\/api.w.org\/{rel}","templated":true}]}}