{"id":156,"date":"2025-12-16T11:00:07","date_gmt":"2025-12-16T11:00:07","guid":{"rendered":"https:\/\/smartaviationgroup.eu\/de\/?page_id=156"},"modified":"2025-12-16T11:00:09","modified_gmt":"2025-12-16T11:00:09","slug":"michael-pulley","status":"publish","type":"page","link":"https:\/\/smartaviationgroup.eu\/de\/michael-pulley\/","title":{"rendered":"Michael Pulley"},"content":{"rendered":"\n<p><strong>Michael Pulley<\/strong> ist unser Spezialist f\u00fcr <strong>unternehmerische Nachhaltigkeit<\/strong>. Er unterst\u00fctzt Organisationen beim Aufbau von Systemen zur <strong>Analyse ihres CO\u2082-Fu\u00dfabdrucks<\/strong> sowie bei der Auswahl der <strong>geeignetsten Strategien zur Reduzierung von Emissionen<\/strong>.<\/p>\n\n\n\n<p>Er verf\u00fcgt \u00fcber umfassende Erfahrung in der Zusammenarbeit mit Unternehmen beim <strong>Entwurf und der Implementierung von Entscheidungsunterst\u00fctzungssystemen<\/strong> sowie <strong>mobilen Anwendungen<\/strong>. In den vergangenen zwei Jahrzehnten war er f\u00fcr Technologieunternehmen wie <strong>Apple<\/strong> und weitere internationale Unternehmen t\u00e4tig. Aktuell ist er <strong>Berater von CarbonAnalytics<\/strong> sowie der <strong>Smart Aviation Group<\/strong>.<\/p>\n\n\n\n<hr class=\"wp-block-separator has-alpha-channel-opacity\"\/>\n\n\n\n<p><\/p>\n","protected":false},"excerpt":{"rendered":"<p>Michael Pulley ist unser Spezialist f\u00fcr unternehmerische Nachhaltigkeit. Er unterst\u00fctzt Organisationen beim Aufbau von Systemen zur Analyse ihres CO\u2082-Fu\u00dfabdrucks sowie bei der Auswahl der geeignetsten Strategien zur Reduzierung von Emissionen. Er verf\u00fcgt \u00fcber umfassende Erfahrung in der Zusammenarbeit mit Unternehmen beim Entwurf und der Implementierung von Entscheidungsunterst\u00fctzungssystemen sowie mobilen Anwendungen. In den vergangenen zwei Jahrzehnten [&hellip;]<\/p>\n","protected":false},"author":1,"featured_media":0,"parent":0,"menu_order":0,"comment_status":"closed","ping_status":"closed","template":"","meta":{"footnotes":""},"class_list":["post-156","page","type-page","status-publish","hentry"],"_links":{"self":[{"href":"https:\/\/smartaviationgroup.eu\/de\/wp-json\/wp\/v2\/pages\/156","targetHints":{"allow":["GET"]}}],"collection":[{"href":"https:\/\/smartaviationgroup.eu\/de\/wp-json\/wp\/v2\/pages"}],"about":[{"href":"https:\/\/smartaviationgroup.eu\/de\/wp-json\/wp\/v2\/types\/page"}],"author":[{"embeddable":true,"href":"https:\/\/smartaviationgroup.eu\/de\/wp-json\/wp\/v2\/users\/1"}],"replies":[{"embeddable":true,"href":"https:\/\/smartaviationgroup.eu\/de\/wp-json\/wp\/v2\/comments?post=156"}],"version-history":[{"count":1,"href":"https:\/\/smartaviationgroup.eu\/de\/wp-json\/wp\/v2\/pages\/156\/revisions"}],"predecessor-version":[{"id":157,"href":"https:\/\/smartaviationgroup.eu\/de\/wp-json\/wp\/v2\/pages\/156\/revisions\/157"}],"wp:attachment":[{"href":"https:\/\/smartaviationgroup.eu\/de\/wp-json\/wp\/v2\/media?parent=156"}],"curies":[{"name":"wp","href":"https:\/\/api.w.org\/{rel}","templated":true}]}}