{"id":18,"date":"2022-12-18T11:36:37","date_gmt":"2022-12-18T11:36:37","guid":{"rendered":"http:\/\/smartaviationgroup.eu\/de\/?page_id=18"},"modified":"2025-12-16T11:15:44","modified_gmt":"2025-12-16T11:15:44","slug":"unsere-mitglieder","status":"publish","type":"page","link":"https:\/\/smartaviationgroup.eu\/de\/unsere-mitglieder\/","title":{"rendered":"UNSERE MITGLIEDER"},"content":{"rendered":"\n<p>Die <strong>Smart Aviation Group<\/strong> entwickelt <strong>neue L\u00f6sungen zur nachhaltigen Optimierung der Organisation von Flugh\u00e4fen<\/strong>. Die Mitgliedschaft basiert auf einer <strong>partnerschaftlichen Zusammenarbeit auf Augenh\u00f6he<\/strong> zwischen allen Beteiligten. Unsere <a href=\"https:\/\/smartaviationgroup.eu\/de\/mitgliederliste\/\" target=\"_blank\" rel=\"noreferrer noopener\">Mitglieder <\/a>leben die Werte einer <strong>konstruktiven und verl\u00e4sslichen Kooperation<\/strong> und schaffen damit eine <strong>vertrauensvolle Zusammenarbeit<\/strong>.<\/p>\n\n\n\n<p>Die <a href=\"https:\/\/smartaviationgroup.eu\/de\/usp\/\" data-type=\"page\" data-id=\"61\" target=\"_blank\" rel=\"noreferrer noopener\">Alleinstellungsmerkmale der Gruppe<\/a> stellen einen <a href=\"https:\/\/smartaviationgroup.eu\/de\/warum-mitmachen\/\" data-type=\"page\" data-id=\"91\" target=\"_blank\" rel=\"noreferrer noopener\">\u00fcberzeugenden Grund f\u00fcr eine Mitgliedschaft<\/a> dar. Jedes Mitglied profitiert von <strong>individuellen Vorteilen innerhalb des Netzwerks<\/strong> und leistet im Gegenzug einen <strong>anteiligen Beitrag in Form von Zeit und finanzieller Unterst\u00fctzung<\/strong>.<\/p>\n\n\n\n<p><\/p>\n","protected":false},"excerpt":{"rendered":"<p>Die Smart Aviation Group entwickelt neue L\u00f6sungen zur nachhaltigen Optimierung der Organisation von Flugh\u00e4fen. Die Mitgliedschaft basiert auf einer partnerschaftlichen Zusammenarbeit auf Augenh\u00f6he zwischen allen Beteiligten. Unsere Mitglieder leben die Werte einer konstruktiven und verl\u00e4sslichen Kooperation und schaffen damit eine vertrauensvolle Zusammenarbeit. Die Alleinstellungsmerkmale der Gruppe stellen einen \u00fcberzeugenden Grund f\u00fcr eine Mitgliedschaft dar. Jedes [&hellip;]<\/p>\n","protected":false},"author":1,"featured_media":0,"parent":0,"menu_order":0,"comment_status":"closed","ping_status":"closed","template":"","meta":{"footnotes":""},"class_list":["post-18","page","type-page","status-publish","hentry"],"_links":{"self":[{"href":"https:\/\/smartaviationgroup.eu\/de\/wp-json\/wp\/v2\/pages\/18","targetHints":{"allow":["GET"]}}],"collection":[{"href":"https:\/\/smartaviationgroup.eu\/de\/wp-json\/wp\/v2\/pages"}],"about":[{"href":"https:\/\/smartaviationgroup.eu\/de\/wp-json\/wp\/v2\/types\/page"}],"author":[{"embeddable":true,"href":"https:\/\/smartaviationgroup.eu\/de\/wp-json\/wp\/v2\/users\/1"}],"replies":[{"embeddable":true,"href":"https:\/\/smartaviationgroup.eu\/de\/wp-json\/wp\/v2\/comments?post=18"}],"version-history":[{"count":5,"href":"https:\/\/smartaviationgroup.eu\/de\/wp-json\/wp\/v2\/pages\/18\/revisions"}],"predecessor-version":[{"id":163,"href":"https:\/\/smartaviationgroup.eu\/de\/wp-json\/wp\/v2\/pages\/18\/revisions\/163"}],"wp:attachment":[{"href":"https:\/\/smartaviationgroup.eu\/de\/wp-json\/wp\/v2\/media?parent=18"}],"curies":[{"name":"wp","href":"https:\/\/api.w.org\/{rel}","templated":true}]}}