{"id":2,"date":"2022-12-17T19:34:48","date_gmt":"2022-12-17T19:34:48","guid":{"rendered":"http:\/\/smartaviationgroup.eu\/de\/?page_id=2"},"modified":"2023-12-07T17:40:39","modified_gmt":"2023-12-07T17:40:39","slug":"home","status":"publish","type":"page","link":"https:\/\/smartaviationgroup.eu\/de\/","title":{"rendered":"HOME"},"content":{"rendered":"\n<p><strong>Smart Aviation Gruppe Europe<\/strong><\/p>\n\n\n\n<p>Die Smart Aviation Group ist ein exklusives, europ\u00e4isches Netzwerk aus Flugh\u00e4fen, verbundenen Unternehmen, Forschungseinrichtungen und politischen Akteuren. Wir bringen Vision und Technologie zusammen, um die Einf\u00fchrung von \u201eSmart Aviation\u201c zu erreichen und dadurch das Erlebnis von (Flug-)Reisen zu verbessern. Wir leben einen Wissenstransfer, der Br\u00fccken schl\u00e4gt, zwischen allen beteiligten Akteuren und das Miteinander verbessert.<\/p>\n\n\n\n<h2 class=\"wp-block-heading\"><br>neueste Nachrichten<\/h2>\n\n\n\n<p>6. Dezember 2023: <br>Es ist uns eine gro\u00dfe Ehre, the <strong>European Commission\u2019s Expert Group on Climate Change Policy formation \u2018aviation\u2019<\/strong> beizutreten. Unser Partner, <a href=\"http:\/\/smartaviationgroup.eu\/eng\/tonci-peovic\/\" target=\"_blank\" rel=\"noreferrer noopener\">Tonci Peovic<\/a>, wird die Smart Aviation Group beim wichtigen Thema der Dekarbonisierung der Luftfahrt vertreten. <br><em>Unserer Meinung nach besteht f\u00fcr Regionalflugh\u00e4fen eine gro\u00dfe Chance, einen wichtigen Beitrag zur nachhaltigen Luftfahrt zu leisten. Durch den Beitritt zu unserer Gruppe k\u00f6nnen wir gemeinsam etwas bewirken.<\/em><\/p>\n\n\n\n<p>\u200b<a href=\"https:\/\/translate.google.com\/details\"><\/a><\/p>\n","protected":false},"excerpt":{"rendered":"<p>Smart Aviation Gruppe Europe Die Smart Aviation Group ist ein exklusives, europ\u00e4isches Netzwerk aus Flugh\u00e4fen, verbundenen Unternehmen, Forschungseinrichtungen und politischen Akteuren. Wir bringen Vision und Technologie zusammen, um die Einf\u00fchrung von \u201eSmart Aviation\u201c zu erreichen und dadurch das Erlebnis von (Flug-)Reisen zu verbessern. Wir leben einen Wissenstransfer, der Br\u00fccken schl\u00e4gt, zwischen allen beteiligten Akteuren und [&hellip;]<\/p>\n","protected":false},"author":1,"featured_media":0,"parent":0,"menu_order":0,"comment_status":"closed","ping_status":"open","template":"","meta":{"footnotes":""},"class_list":["post-2","page","type-page","status-publish","hentry"],"_links":{"self":[{"href":"https:\/\/smartaviationgroup.eu\/de\/wp-json\/wp\/v2\/pages\/2","targetHints":{"allow":["GET"]}}],"collection":[{"href":"https:\/\/smartaviationgroup.eu\/de\/wp-json\/wp\/v2\/pages"}],"about":[{"href":"https:\/\/smartaviationgroup.eu\/de\/wp-json\/wp\/v2\/types\/page"}],"author":[{"embeddable":true,"href":"https:\/\/smartaviationgroup.eu\/de\/wp-json\/wp\/v2\/users\/1"}],"replies":[{"embeddable":true,"href":"https:\/\/smartaviationgroup.eu\/de\/wp-json\/wp\/v2\/comments?post=2"}],"version-history":[{"count":8,"href":"https:\/\/smartaviationgroup.eu\/de\/wp-json\/wp\/v2\/pages\/2\/revisions"}],"predecessor-version":[{"id":130,"href":"https:\/\/smartaviationgroup.eu\/de\/wp-json\/wp\/v2\/pages\/2\/revisions\/130"}],"wp:attachment":[{"href":"https:\/\/smartaviationgroup.eu\/de\/wp-json\/wp\/v2\/media?parent=2"}],"curies":[{"name":"wp","href":"https:\/\/api.w.org\/{rel}","templated":true}]}}