{"id":20,"date":"2022-12-18T11:37:41","date_gmt":"2022-12-18T11:37:41","guid":{"rendered":"http:\/\/smartaviationgroup.eu\/de\/?page_id=20"},"modified":"2025-12-16T14:08:23","modified_gmt":"2025-12-16T14:08:23","slug":"unsere-projekte","status":"publish","type":"page","link":"https:\/\/smartaviationgroup.eu\/de\/unsere-projekte\/","title":{"rendered":"UNSERE PROJEKTE"},"content":{"rendered":"\n<p>Unsere Mitglieder finden im gegenseitigen Austausch L\u00f6sungen f\u00fcr zuvor komplexe Probleme. Aus diesen gehen h\u00e4ufig Kooperationen hervor, die neues Wirtschaftswachstum bewirken. Das IEW begleitet bei Kooperationen den Weg bis zur Fertigstellung. Die Projekte k\u00f6nnen unterschiedlicher Art sein und alle Prozessbereiche eines Flughafens und deren Partnerunternehmen betreffen.<\/p>\n\n\n\n<p>Projekte werden in den folgenden Bereichen definiert:<\/p>\n\n\n\n<ul class=\"wp-block-list\">\n<li>Einhaltung (staatlicher) Vorschriften<\/li>\n\n\n\n<li>Schaffung von High-Tech-Organisationen und High-Tech-Arbeitspl\u00e4tzen<\/li>\n\n\n\n<li>Reduzierung sch\u00e4dlicher Emissionen und des Energieverbrauchs<\/li>\n\n\n\n<li>digitale Anbindung und Nachhaltigkeit<\/li>\n\n\n\n<li>Verk\u00fcrzung der Reisezeit und Steigerung der Reisefreude&nbsp;<\/li>\n\n\n\n<li>Optimierung des (Luft-)Transports&nbsp;<\/li>\n<\/ul>\n\n\n\n<pre class=\"wp-block-code\"><code><figure class=\"wp-block-image size-full\"><a href=\"https:\/\/www.interregnorthsea.eu\/partner-search\/smart-aviation-increase-airport-efficiency-by-optimizing-current-processes-improve\" target=\"_blank\" title=\"Smart Aviation Projektkarte finden Sie unter Abschnitt 2.5 (Multi-modal urban mobility)\" rel=\"noopener\"><img decoding=\"async\" src=\"http:\/\/smartaviationgroup.eu\/wp-content\/uploads\/interreg_NSR_logo.jpg\" alt=\"\" class=\"wp-image-22\"><\/a><\/figure><\/code><\/pre>\n\n\n\n<p>Erstes Pilotprojekt wird sein&nbsp;&#8220;<a href=\"http:\/\/smartaviationgroup.eu\/wp-content\/uploads\/project-idea-cards-7.png\" target=\"_blank\" rel=\"noreferrer noopener\">Smart Aviation<\/a>&#8220;<\/p>\n\n\n\n<p>Unser Projekt <a href=\"http:\/\/www.terravoltage.eu\" target=\"_blank\" rel=\"noreferrer noopener\"><strong>TerraVoltage<\/strong> <\/a>entwickelt einen kompakten geothermischen Stromgenerator f\u00fcr den Einsatz in Flughafenn\u00e4he. Ziel ist es, Flugh\u00e4fen unabh\u00e4ngiger vom \u00f6ffentlichen Stromnetz zu machen, die Versorgungssicherheit kritischer Infrastruktur zu erh\u00f6hen und gleichzeitig nachhaltige, CO\u2082-arme Energie bereitzustellen.<\/p>\n\n\n\n<p>Unsere Mitglieder haben den Vorteil, eigene Projekte einbringen zu k\u00f6nnen, sofern sie den oben genannten entsprechen, und von unserer einzigartigen Position in der Branche zu profitieren.<\/p>\n\n\n\n<p><\/p>\n","protected":false},"excerpt":{"rendered":"<p>Unsere Mitglieder finden im gegenseitigen Austausch L\u00f6sungen f\u00fcr zuvor komplexe Probleme. Aus diesen gehen h\u00e4ufig Kooperationen hervor, die neues Wirtschaftswachstum bewirken. Das IEW begleitet bei Kooperationen den Weg bis zur Fertigstellung. Die Projekte k\u00f6nnen unterschiedlicher Art sein und alle Prozessbereiche eines Flughafens und deren Partnerunternehmen betreffen. Projekte werden in den folgenden Bereichen definiert: Erstes Pilotprojekt [&hellip;]<\/p>\n","protected":false},"author":1,"featured_media":0,"parent":0,"menu_order":0,"comment_status":"closed","ping_status":"closed","template":"","meta":{"footnotes":""},"class_list":["post-20","page","type-page","status-publish","hentry"],"_links":{"self":[{"href":"https:\/\/smartaviationgroup.eu\/de\/wp-json\/wp\/v2\/pages\/20","targetHints":{"allow":["GET"]}}],"collection":[{"href":"https:\/\/smartaviationgroup.eu\/de\/wp-json\/wp\/v2\/pages"}],"about":[{"href":"https:\/\/smartaviationgroup.eu\/de\/wp-json\/wp\/v2\/types\/page"}],"author":[{"embeddable":true,"href":"https:\/\/smartaviationgroup.eu\/de\/wp-json\/wp\/v2\/users\/1"}],"replies":[{"embeddable":true,"href":"https:\/\/smartaviationgroup.eu\/de\/wp-json\/wp\/v2\/comments?post=20"}],"version-history":[{"count":13,"href":"https:\/\/smartaviationgroup.eu\/de\/wp-json\/wp\/v2\/pages\/20\/revisions"}],"predecessor-version":[{"id":165,"href":"https:\/\/smartaviationgroup.eu\/de\/wp-json\/wp\/v2\/pages\/20\/revisions\/165"}],"wp:attachment":[{"href":"https:\/\/smartaviationgroup.eu\/de\/wp-json\/wp\/v2\/media?parent=20"}],"curies":[{"name":"wp","href":"https:\/\/api.w.org\/{rel}","templated":true}]}}