{"id":61,"date":"2023-01-22T22:00:00","date_gmt":"2023-01-22T22:00:00","guid":{"rendered":"http:\/\/smartaviationgroup.eu\/de\/?page_id=61"},"modified":"2023-02-10T12:37:32","modified_gmt":"2023-02-10T12:37:32","slug":"usp","status":"publish","type":"page","link":"https:\/\/smartaviationgroup.eu\/de\/usp\/","title":{"rendered":"USP"},"content":{"rendered":"\n<p><strong>Unsere Alleinstellungsmerkmale<\/strong><\/p>\n\n\n\n<p>Die Smart Aviation Group Europe ist ein exklusives europ\u00e4isches Netzwerk von Flugh\u00e4fen, Tochtergesellschaften, Forschungsinstituten und politischen Akteuren. Ziel ist es, Flugh\u00e4fen (noch) smarter zu machen. Damit wollen wir das Reisen von T\u00fcr zu T\u00fcr f\u00fcr den Reisenden komfortabler machen, die Nachhaltigkeit der Reise optimieren, die Planbarkeit erh\u00f6hen und die finanzielle Rendite verbessern. <\/p>\n\n\n\n<p>Unsere Gesellschaft steht vor sehr komplizierten Herausforderungen. Als Einzelspieler ist es nicht m\u00f6glich, L\u00f6sungen f\u00fcr die anstehenden Herausforderungen zu entwickeln und umzusetzen. Der einzige Weg ist, zusammenzuarbeiten und Kr\u00e4fte und Intelligenz zu b\u00fcndeln. Die Europ\u00e4ische Union unterst\u00fctzt Organisationen, die gemeinsam an der L\u00f6sung (zuk\u00fcnftiger) Probleme unserer Gesellschaft arbeiten. Die Smart Aviation Group Europe ist die ideale Plattform, um diese Zusammenarbeit in die Praxis umzusetzen. Beim Aufbau dieser Gruppe werden wir vom <a rel=\"noreferrer noopener\" href=\"https:\/\/www.institut-eu.com\/\" target=\"_blank\">EWIV <\/a>unterst\u00fctzt. Dank unserer vielf\u00e4ltigen Kontakte stehen uns T\u00fcren in ganz Europa offen. <\/p>\n\n\n\n<p>Die Mitgliedschaft in der Smart Aviation Group bringt den Mitgliedern folgende Vorteile: <\/p>\n\n\n\n<ul class=\"wp-block-list\">\n<li>Die Gruppe ist die ideale Plattform, um gemeinsam Ideen zu entwickeln und gleich denkende Mitglieder auf einer Stelle zusammenzubringen. M\u00f6glichkeiten k\u00f6nnen sein: \n<ul class=\"wp-block-list\">\n<li>Effizienzsteigerung durch Einf\u00fchrung einer integrierten Softwareplattform (Pilotprojekt Smart Aviation)<\/li>\n\n\n\n<li>Reisedatenerfassung und Aufbau einer Nutzerplattform<\/li>\n\n\n\n<li>Einf\u00fchrung des gr\u00fcnen Fliegens (mit Wasserstoff?)<\/li>\n\n\n\n<li>Ihre Idee?<\/li>\n<\/ul>\n<\/li>\n\n\n\n<li>Dieser Gruppe werden wir vom EWIV unterst\u00fctzt.<\/li>\n\n\n\n<li>Zugang zu F\u00f6rderprogrammen, die sich auf internationale Kooperationen f\u00fcr Projekte konzentrieren.<\/li>\n\n\n\n<li>Zugang zu regional fokussierten F\u00f6rderprogrammen f\u00fcr Projekte mit den Schwerpunkten Nachhaltigkeit, Innovation, Digitalisierung, Besch\u00e4ftigung und Soziales. <\/li>\n\n\n\n<li>Zugriff auf das (Gesch\u00e4fts-)Netzwerk der Gruppe. Dank unserer vielf\u00e4ltigen Kontakte stehen uns T\u00fcren in ganz Europa offen.<\/li>\n\n\n\n<li>Die M\u00f6glichkeit eigene Projekte einzubringen und Finanzierung, Rat und Unterst\u00fctzung von anderen Gruppenmitgliedern zu bekommen oder von anderen Europ\u00e4ischen F\u00f6rderprogrammen.<\/li>\n\n\n\n<li>Die Gruppe ist die ideale Plattform, um gemeinsam Ideen zu entwickeln. Diese Ideen sind durch EU-Recht gesch\u00fctzt. Dies macht es den Mitgliedern unm\u00f6glich, es zu ihrem eigenen Vorteil zu nutzen, die Gruppe wird immer ben\u00f6tigt.<\/li>\n<\/ul>\n\n\n\n<p>Unser erstes Pilotprojekt Smart Aviation wurde in das <a rel=\"noreferrer noopener\" href=\"https:\/\/www.interregnorthsea.eu\/partner-search\/smart-aviation-increase-airport-efficiency-by-optimizing-current-processes-improve\" target=\"_blank\">Interreg<\/a>-F\u00f6rderprogramm aufgenommen. Dieses Projekt konzentriert sich auf Innovation, Digitalisierung und Softwarel\u00f6sungen f\u00fcr Flughafen- und Bodenabfertigungs-Gesch\u00e4ftsprozesse. Der Einsatz einer Softwarel\u00f6sung f\u00fcr beide Prozesse f\u00fchrt zu vielen Einsparm\u00f6glichkeiten, gesteigerter Effizienz und verbesserter Planbarkeit. <\/p>\n\n\n\n<p>Unsere Erfahrung ist, dass dies zu einer Senkung der Kosten, einem besseren (Personal-) Ressourcenmanagement, einer besseren und umfassenderen Datenerfassung f\u00fchrt, was alles zu einer Steigerung der finanziellen Ertr\u00e4ge f\u00fchrt. Eine gute Datensammlung kann unter anderem f\u00fcr Routenplanung, L\u00e4rmanalysen und CO2-Berechnungen genutzt werden.<\/p>\n\n\n\n<p><\/p>\n","protected":false},"excerpt":{"rendered":"<p>Unsere Alleinstellungsmerkmale Die Smart Aviation Group Europe ist ein exklusives europ\u00e4isches Netzwerk von Flugh\u00e4fen, Tochtergesellschaften, Forschungsinstituten und politischen Akteuren. Ziel ist es, Flugh\u00e4fen (noch) smarter zu machen. Damit wollen wir das Reisen von T\u00fcr zu T\u00fcr f\u00fcr den Reisenden komfortabler machen, die Nachhaltigkeit der Reise optimieren, die Planbarkeit erh\u00f6hen und die finanzielle Rendite verbessern. Unsere [&hellip;]<\/p>\n","protected":false},"author":1,"featured_media":0,"parent":0,"menu_order":0,"comment_status":"closed","ping_status":"closed","template":"","meta":{"footnotes":""},"class_list":["post-61","page","type-page","status-publish","hentry"],"_links":{"self":[{"href":"https:\/\/smartaviationgroup.eu\/de\/wp-json\/wp\/v2\/pages\/61","targetHints":{"allow":["GET"]}}],"collection":[{"href":"https:\/\/smartaviationgroup.eu\/de\/wp-json\/wp\/v2\/pages"}],"about":[{"href":"https:\/\/smartaviationgroup.eu\/de\/wp-json\/wp\/v2\/types\/page"}],"author":[{"embeddable":true,"href":"https:\/\/smartaviationgroup.eu\/de\/wp-json\/wp\/v2\/users\/1"}],"replies":[{"embeddable":true,"href":"https:\/\/smartaviationgroup.eu\/de\/wp-json\/wp\/v2\/comments?post=61"}],"version-history":[{"count":13,"href":"https:\/\/smartaviationgroup.eu\/de\/wp-json\/wp\/v2\/pages\/61\/revisions"}],"predecessor-version":[{"id":99,"href":"https:\/\/smartaviationgroup.eu\/de\/wp-json\/wp\/v2\/pages\/61\/revisions\/99"}],"wp:attachment":[{"href":"https:\/\/smartaviationgroup.eu\/de\/wp-json\/wp\/v2\/media?parent=61"}],"curies":[{"name":"wp","href":"https:\/\/api.w.org\/{rel}","templated":true}]}}