{"id":91,"date":"2023-01-29T17:00:36","date_gmt":"2023-01-29T17:00:36","guid":{"rendered":"http:\/\/smartaviationgroup.eu\/de\/?page_id=91"},"modified":"2023-11-21T15:38:43","modified_gmt":"2023-11-21T15:38:43","slug":"warum-mitmachen","status":"publish","type":"page","link":"https:\/\/smartaviationgroup.eu\/de\/warum-mitmachen\/","title":{"rendered":"Warum Mitmachen"},"content":{"rendered":"\n<p>Unsere Alleinstellung im Markt wird deutlich:<\/p>\n\n\n\n<ul class=\"wp-block-list\">\n<li>Als Gruppe k\u00f6nnen wir den Durchbruch im regionalen Luftverkehr erreichen <\/li>\n\n\n\n<li>Als Gruppe k\u00f6nnen wir Mittel anwerben, die Einzelpersonen nicht zur Verf\u00fcgung stehen <\/li>\n\n\n\n<li>Als Gruppe k\u00f6nnen wir eine umweltfreundlichere Art des Reisens umsetzen <\/li>\n\n\n\n<li>Die Gruppe kann Ihnen dabei helfen, profitabler zu werden<\/li>\n<\/ul>\n\n\n\n<p>Schauen Sie auf smartaviationgroup.eu vorbei und lassen Sie sich erkl\u00e4ren, wie auch Sie von dieser Gruppe profitieren k\u00f6nnen.<\/p>\n\n\n\n<p>Haben Sie eine Idee? Sie sind herzlich willkommen.<\/p>\n\n\n\n<p>Sie m\u00f6chten Ihr eigenes Projekt einreichen? Das ist h\u00f6chst willkommen. Lassen Sie uns \u00fcber die Vorteile sprechen.<\/p>\n\n\n\n<p><\/p>\n\n\n\n<figure class=\"wp-block-image size-large\"><a href=\"https:\/\/www.interregnorthsea.eu\/partner-search\/smart-aviation-increase-airport-efficiency-by-optimizing-current-processes-improve\" target=\"_blank\" rel=\"noreferrer noopener\"><img decoding=\"async\" src=\"http:\/\/smartaviationgroup.eu\/wp-content\/uploads\/interreg_NSR_logo.jpg\" alt=\"\"\/><\/a><\/figure>\n","protected":false},"excerpt":{"rendered":"<p>Unsere Alleinstellung im Markt wird deutlich: Schauen Sie auf smartaviationgroup.eu vorbei und lassen Sie sich erkl\u00e4ren, wie auch Sie von dieser Gruppe profitieren k\u00f6nnen. Haben Sie eine Idee? Sie sind herzlich willkommen. Sie m\u00f6chten Ihr eigenes Projekt einreichen? Das ist h\u00f6chst willkommen. Lassen Sie uns \u00fcber die Vorteile sprechen.<\/p>\n","protected":false},"author":1,"featured_media":0,"parent":0,"menu_order":0,"comment_status":"closed","ping_status":"closed","template":"","meta":{"footnotes":""},"class_list":["post-91","page","type-page","status-publish","hentry"],"_links":{"self":[{"href":"https:\/\/smartaviationgroup.eu\/de\/wp-json\/wp\/v2\/pages\/91","targetHints":{"allow":["GET"]}}],"collection":[{"href":"https:\/\/smartaviationgroup.eu\/de\/wp-json\/wp\/v2\/pages"}],"about":[{"href":"https:\/\/smartaviationgroup.eu\/de\/wp-json\/wp\/v2\/types\/page"}],"author":[{"embeddable":true,"href":"https:\/\/smartaviationgroup.eu\/de\/wp-json\/wp\/v2\/users\/1"}],"replies":[{"embeddable":true,"href":"https:\/\/smartaviationgroup.eu\/de\/wp-json\/wp\/v2\/comments?post=91"}],"version-history":[{"count":4,"href":"https:\/\/smartaviationgroup.eu\/de\/wp-json\/wp\/v2\/pages\/91\/revisions"}],"predecessor-version":[{"id":127,"href":"https:\/\/smartaviationgroup.eu\/de\/wp-json\/wp\/v2\/pages\/91\/revisions\/127"}],"wp:attachment":[{"href":"https:\/\/smartaviationgroup.eu\/de\/wp-json\/wp\/v2\/media?parent=91"}],"curies":[{"name":"wp","href":"https:\/\/api.w.org\/{rel}","templated":true}]}}