{"id":17,"date":"2023-01-08T14:35:48","date_gmt":"2023-01-08T14:35:48","guid":{"rendered":"http:\/\/smartaviationgroup.eu\/fr\/?page_id=17"},"modified":"2023-01-08T14:43:32","modified_gmt":"2023-01-08T14:43:32","slug":"missie","status":"publish","type":"page","link":"https:\/\/smartaviationgroup.eu\/fr\/missie\/","title":{"rendered":"Mission"},"content":{"rendered":"\n<p>Notre soci\u00e9t\u00e9 fait face \u00e0 des d\u00e9fis tr\u00e8s compliqu\u00e9s. En tant qu&#8217;acteur unique, il n&#8217;est pas possible de trouver des solutions aux d\u00e9fis \u00e0 venir. Le seul moyen est de travailler ensemble et d&#8217;unir nos forces et notre intelligence. L&#8217;Union europ\u00e9enne soutient les organisations qui travaillent ensemble pour r\u00e9soudre les probl\u00e8mes (futurs) de notre soci\u00e9t\u00e9. Smart Aviation Group Europe est la plateforme id\u00e9ale pour mettre cette collaboration en pratique. Nous sommes soutenus dans la cr\u00e9ation de ce groupe par <a href=\"https:\/\/www.institut-eu.com\/fr\" target=\"_blank\" rel=\"noreferrer noopener\">l&#8217;Institut pour le d\u00e9veloppement \u00e9conomique europ\u00e9en<\/a>. Le groupe est engag\u00e9 dans une r\u00e9volution technologique dans l&#8217;industrie du voyage (a\u00e9rien). Nous voulons y parvenir, entre autres, avec l&#8217;introduction de \u00ab Smart Aviation \u00bb.<\/p>\n","protected":false},"excerpt":{"rendered":"<p>Notre soci\u00e9t\u00e9 fait face \u00e0 des d\u00e9fis tr\u00e8s compliqu\u00e9s. En tant qu&#8217;acteur unique, il n&#8217;est pas possible de trouver des solutions aux d\u00e9fis \u00e0 venir. Le seul moyen est de travailler ensemble et d&#8217;unir nos forces et notre intelligence. L&#8217;Union europ\u00e9enne soutient les organisations qui travaillent ensemble pour r\u00e9soudre les probl\u00e8mes (futurs) de notre soci\u00e9t\u00e9. [&hellip;]<\/p>\n","protected":false},"author":1,"featured_media":0,"parent":0,"menu_order":0,"comment_status":"closed","ping_status":"closed","template":"","meta":{"footnotes":""},"class_list":["post-17","page","type-page","status-publish","hentry"],"_links":{"self":[{"href":"https:\/\/smartaviationgroup.eu\/fr\/wp-json\/wp\/v2\/pages\/17","targetHints":{"allow":["GET"]}}],"collection":[{"href":"https:\/\/smartaviationgroup.eu\/fr\/wp-json\/wp\/v2\/pages"}],"about":[{"href":"https:\/\/smartaviationgroup.eu\/fr\/wp-json\/wp\/v2\/types\/page"}],"author":[{"embeddable":true,"href":"https:\/\/smartaviationgroup.eu\/fr\/wp-json\/wp\/v2\/users\/1"}],"replies":[{"embeddable":true,"href":"https:\/\/smartaviationgroup.eu\/fr\/wp-json\/wp\/v2\/comments?post=17"}],"version-history":[{"count":2,"href":"https:\/\/smartaviationgroup.eu\/fr\/wp-json\/wp\/v2\/pages\/17\/revisions"}],"predecessor-version":[{"id":21,"href":"https:\/\/smartaviationgroup.eu\/fr\/wp-json\/wp\/v2\/pages\/17\/revisions\/21"}],"wp:attachment":[{"href":"https:\/\/smartaviationgroup.eu\/fr\/wp-json\/wp\/v2\/media?parent=17"}],"curies":[{"name":"wp","href":"https:\/\/api.w.org\/{rel}","templated":true}]}}