{"id":6,"date":"2023-01-07T17:08:55","date_gmt":"2023-01-07T17:08:55","guid":{"rendered":"http:\/\/smartaviationgroup.eu\/fr\/?page_id=6"},"modified":"2023-01-08T14:38:40","modified_gmt":"2023-01-08T14:38:40","slug":"home","status":"publish","type":"page","link":"https:\/\/smartaviationgroup.eu\/fr\/","title":{"rendered":"HOME"},"content":{"rendered":"\n<p><strong>Smart Aviation Group Europe<\/strong><\/p>\n\n\n\n<p>Smart Aviation Group est un partenariat europ\u00e9en d&#8217;a\u00e9roports, d&#8217;entreprises affili\u00e9es, d&#8217;instituts de recherche et d&#8217;acteurs politiques. Nous r\u00e9unissons vision et technologie pour r\u00e9aliser la mise en \u0153uvre de &#8220;<a rel=\"noreferrer noopener\" href=\"https:\/\/www.institut-eu.com\/fr\/post\/a-new-and-exciting-idee-published-at-interreg-nsr-6\" target=\"_blank\">Smart Aviation<\/a>&#8221; et am\u00e9liorer ainsi l&#8217;exp\u00e9rience du voyage (a\u00e9rien).<\/p>\n","protected":false},"excerpt":{"rendered":"<p>Smart Aviation Group Europe Smart Aviation Group est un partenariat europ\u00e9en d&#8217;a\u00e9roports, d&#8217;entreprises affili\u00e9es, d&#8217;instituts de recherche et d&#8217;acteurs politiques. Nous r\u00e9unissons vision et technologie pour r\u00e9aliser la mise en \u0153uvre de &#8220;Smart Aviation&#8221; et am\u00e9liorer ainsi l&#8217;exp\u00e9rience du voyage (a\u00e9rien).<\/p>\n","protected":false},"author":1,"featured_media":0,"parent":0,"menu_order":0,"comment_status":"closed","ping_status":"closed","template":"","meta":{"footnotes":""},"class_list":["post-6","page","type-page","status-publish","hentry"],"_links":{"self":[{"href":"https:\/\/smartaviationgroup.eu\/fr\/wp-json\/wp\/v2\/pages\/6","targetHints":{"allow":["GET"]}}],"collection":[{"href":"https:\/\/smartaviationgroup.eu\/fr\/wp-json\/wp\/v2\/pages"}],"about":[{"href":"https:\/\/smartaviationgroup.eu\/fr\/wp-json\/wp\/v2\/types\/page"}],"author":[{"embeddable":true,"href":"https:\/\/smartaviationgroup.eu\/fr\/wp-json\/wp\/v2\/users\/1"}],"replies":[{"embeddable":true,"href":"https:\/\/smartaviationgroup.eu\/fr\/wp-json\/wp\/v2\/comments?post=6"}],"version-history":[{"count":4,"href":"https:\/\/smartaviationgroup.eu\/fr\/wp-json\/wp\/v2\/pages\/6\/revisions"}],"predecessor-version":[{"id":15,"href":"https:\/\/smartaviationgroup.eu\/fr\/wp-json\/wp\/v2\/pages\/6\/revisions\/15"}],"wp:attachment":[{"href":"https:\/\/smartaviationgroup.eu\/fr\/wp-json\/wp\/v2\/media?parent=6"}],"curies":[{"name":"wp","href":"https:\/\/api.w.org\/{rel}","templated":true}]}}